{"id":86,"date":"2019-08-28T04:28:54","date_gmt":"2019-08-28T02:28:54","guid":{"rendered":"https:\/\/b1nariouno.com\/fr\/\/?page_id=86"},"modified":"2023-07-22T06:39:21","modified_gmt":"2023-07-22T04:39:21","slug":"a-bologna","status":"publish","type":"page","link":"https:\/\/b1nariouno.com\/fr\/a-bologna\/","title":{"rendered":"\u00c0 Bologne"},"content":{"rendered":"\n\n\n<a class=\"weatherwidget-io\" href=\"https:\/\/forecast7.com\/fr\/44d5011d30\/metropolitan-city-of-bologna\/\" data-label_1=\"BOLOGNA\" data-label_2=\"WEATHER\">LA M\u00c9T\u00c9O \u00c0 BOLOGNE<\/a>\n<script>\n!function(d,s,id){var js,fjs=d.getElementsByTagName(s)[0];if(!d.getElementById(id)){js=d.createElement(s);js.id=id;js.src='https:\/\/weatherwidget.io\/js\/widget.min.js';fjs.parentNode.insertBefore(js,fjs);}}(document,'script','weatherwidget-io-js');\n<\/script>\n\n\n\n<div style=\"height:50px\" aria-hidden=\"true\" class=\"wp-block-spacer\"><\/div>\n\n\n\n<figure class=\"wp-block-image\"><img decoding=\"async\" loading=\"lazy\" width=\"1200\" height=\"624\" src=\"https:\/\/b1nariouno.com\/fr\/\/wp-content\/uploads\/2019\/09\/Bologna.jpg\" alt=\"\" class=\"wp-image-473\" srcset=\"https:\/\/b1nariouno.com\/fr\/wp-content\/uploads\/2019\/09\/Bologna.jpg 1200w, https:\/\/b1nariouno.com\/fr\/wp-content\/uploads\/2019\/09\/Bologna-300x156.jpg 300w, https:\/\/b1nariouno.com\/fr\/wp-content\/uploads\/2019\/09\/Bologna-768x399.jpg 768w, https:\/\/b1nariouno.com\/fr\/wp-content\/uploads\/2019\/09\/Bologna-1024x532.jpg 1024w, https:\/\/b1nariouno.com\/fr\/wp-content\/uploads\/2019\/09\/Bologna-600x312.jpg 600w\" sizes=\"(max-width: 1200px) 100vw, 1200px\" \/><\/figure>\n\n\n\n<div class=\"wp-block-columns has-2-columns is-layout-flex wp-container-3\">\n<div class=\"wp-block-column is-layout-flow\">\n<h2 class=\"wp-block-heading\">\u00c9v\u00e9nements \u00e0 venir<\/h2>\n\n\n<\/div>\n\n\n\n<div class=\"wp-block-column is-layout-flow\">\n<h3 class=\"wp-block-heading\">Liens utiles:<\/h3>\n\n\n\n<p>La page consacr\u00e9e \u00e0 Bologne sur le site officiel d&rsquo;information touristique de la r\u00e9gion d&rsquo;\u00c9milie-Romagne:<br><a rel=\"noreferrer noopener\" href=\"http:\/\/www.emiliaromagnaturismo.it\/it\/localita\/bologna-bo\/scheda?ID=226\" target=\"_blank\">http:\/\/www.emiliaromagnaturismo.it\/<\/a><\/p>\n\n\n\n<p>Site touristique officiel de la ville de Bologne:<br><a rel=\"noreferrer noopener\" href=\"http:\/\/www.bolognawelcome.com\" target=\"_blank\">www.bolognawelcome.com<\/a> <\/p>\n\n\n\n<p><\/p>\n<\/div>\n<\/div>\n","protected":false},"excerpt":{"rendered":"<p>LA M\u00c9T\u00c9O \u00c0 BOLOGNE \u00c9v\u00e9nements \u00e0 venir Liens utiles: La page consacr\u00e9e \u00e0 Bologne sur le site officiel d&rsquo;information touristique de la r\u00e9gion d&rsquo;\u00c9milie-Romagne:http:\/\/www.emiliaromagnaturismo.it\/ Site touristique officiel de la ville de Bologne:www.bolognawelcome.com<\/p>\n","protected":false},"author":1,"featured_media":0,"parent":0,"menu_order":0,"comment_status":"closed","ping_status":"closed","template":"page-templates\/template-page-full.php","meta":[],"_links":{"self":[{"href":"https:\/\/b1nariouno.com\/fr\/wp-json\/wp\/v2\/pages\/86"}],"collection":[{"href":"https:\/\/b1nariouno.com\/fr\/wp-json\/wp\/v2\/pages"}],"about":[{"href":"https:\/\/b1nariouno.com\/fr\/wp-json\/wp\/v2\/types\/page"}],"author":[{"embeddable":true,"href":"https:\/\/b1nariouno.com\/fr\/wp-json\/wp\/v2\/users\/1"}],"replies":[{"embeddable":true,"href":"https:\/\/b1nariouno.com\/fr\/wp-json\/wp\/v2\/comments?post=86"}],"version-history":[{"count":42,"href":"https:\/\/b1nariouno.com\/fr\/wp-json\/wp\/v2\/pages\/86\/revisions"}],"predecessor-version":[{"id":502,"href":"https:\/\/b1nariouno.com\/fr\/wp-json\/wp\/v2\/pages\/86\/revisions\/502"}],"wp:attachment":[{"href":"https:\/\/b1nariouno.com\/fr\/wp-json\/wp\/v2\/media?parent=86"}],"curies":[{"name":"wp","href":"https:\/\/api.w.org\/{rel}","templated":true}]}}