{"id":40,"date":"2019-08-28T03:41:31","date_gmt":"2019-08-28T01:41:31","guid":{"rendered":"https:\/\/b1nariouno.com\/fr\/\/?page_id=40"},"modified":"2019-09-08T06:06:04","modified_gmt":"2019-09-08T04:06:04","slug":"services","status":"publish","type":"page","link":"https:\/\/b1nariouno.com\/fr\/services\/","title":{"rendered":"Services"},"content":{"rendered":"\n<div class=\"wp-block-columns has-2-columns is-layout-flex wp-container-3\">\n<div class=\"wp-block-column is-layout-flow\">\n<p>\n\u00c0 l\u2019acceuil on vous donnera tous informations sur Bologne ainsi que les clefs pour acc\u00e9der librement \u00e0 l\u2019h\u00f4tel.<\/p>\n\n\n\n<p>Notre personnel est souvent pr\u00e9sent sur place, mais peut cependant \u00eatre contact\u00e9 au portable 24\/7. Dans votre chambre vous trouverez: minibar, safe, machine \u00e0 espresso, bouilloire avec une s\u00e9lection d\u2019infusions, th\u00e9 et caf\u00e9.  Vous trouverez aussi dans la zone commune quelques guides et livres  int\u00e9ressants sur l\u2019histoire de <a href=\"https:\/\/b1nariouno.com\/fr\/a-bologna\/\">Bologne<\/a> \u00e0 votre disposition pour la consultation. <\/p>\n\n\n\n<p>On a r\u00e9dig\u00e9 pour vous une petite brochure avec nos conseils sur quoi faire \u00e0 Bologne, reccomandations concernant mus\u00e9es et galleries, indications r\u00e9latives \u00e0 bistrots, bars, restaurants etc.<\/p>\n\n\n\n<p><strong>Check in  de 15 heures \u00e0 19 heures<\/strong> <\/p>\n\n\n\n<p>Check out\u00a0 avant 11 heures du matin (on peut \u00e8videmment\u00a0 garder vos baggages en consigne).<\/p>\n\n\n\n<p>Pour check in (et restitution de baggage en consigne) hors-temps il faut nous contacter pour verifier la disponibilit\u00e9 et les suppl\u00e9ments en cause, apr\u00e8s 22 heures il y aura en tout cas un charge de 10 euros.<\/p>\n<\/div>\n\n\n\n<div class=\"wp-block-column is-layout-flow\">\n<div class=\"wp-block-cover\" style=\"background-image:url(https:\/\/b1nariouno.com\/fr\/\/wp-content\/uploads\/2019\/08\/corridoio.jpg);background-position:50% 50%\"><div class=\"wp-block-cover__inner-container\">\n<p style=\"text-align:center\" class=\"has-small-font-size\"><\/p>\n<\/div><\/div>\n\n\n\n<figure class=\"wp-block-image\"><img alt=\"\"\/><\/figure>\n<\/div>\n<\/div>\n\n\n\n<ul class=\"wp-block-gallery columns-3 is-cropped wp-block-gallery-4 is-layout-flex\"><li class=\"blocks-gallery-item\"><figure><img decoding=\"async\" loading=\"lazy\" width=\"800\" height=\"800\" src=\"https:\/\/b1nariouno.com\/fr\/\/wp-content\/uploads\/2019\/09\/corridoio-quadri.jpg\" alt=\"\" data-id=\"342\" data-link=\"https:\/\/b1nariouno.com\/fr\/\/servizi\/attachment\/corridoio-quadri\/\" class=\"wp-image-342\" srcset=\"https:\/\/b1nariouno.com\/fr\/wp-content\/uploads\/2019\/09\/corridoio-quadri.jpg 800w, https:\/\/b1nariouno.com\/fr\/wp-content\/uploads\/2019\/09\/corridoio-quadri-150x150.jpg 150w, https:\/\/b1nariouno.com\/fr\/wp-content\/uploads\/2019\/09\/corridoio-quadri-300x300.jpg 300w, https:\/\/b1nariouno.com\/fr\/wp-content\/uploads\/2019\/09\/corridoio-quadri-768x768.jpg 768w, https:\/\/b1nariouno.com\/fr\/wp-content\/uploads\/2019\/09\/corridoio-quadri-600x600.jpg 600w\" sizes=\"(max-width: 800px) 100vw, 800px\" \/><\/figure><\/li><li class=\"blocks-gallery-item\"><figure><img decoding=\"async\" loading=\"lazy\" width=\"800\" height=\"800\" src=\"https:\/\/b1nariouno.com\/fr\/\/wp-content\/uploads\/2019\/09\/dettaglio-sedia-vasi.jpg\" alt=\"\" data-id=\"343\" data-link=\"https:\/\/b1nariouno.com\/fr\/\/servizi\/attachment\/dettaglio-sedia-vasi\/\" class=\"wp-image-343\" srcset=\"https:\/\/b1nariouno.com\/fr\/wp-content\/uploads\/2019\/09\/dettaglio-sedia-vasi.jpg 800w, https:\/\/b1nariouno.com\/fr\/wp-content\/uploads\/2019\/09\/dettaglio-sedia-vasi-150x150.jpg 150w, https:\/\/b1nariouno.com\/fr\/wp-content\/uploads\/2019\/09\/dettaglio-sedia-vasi-300x300.jpg 300w, https:\/\/b1nariouno.com\/fr\/wp-content\/uploads\/2019\/09\/dettaglio-sedia-vasi-768x768.jpg 768w, https:\/\/b1nariouno.com\/fr\/wp-content\/uploads\/2019\/09\/dettaglio-sedia-vasi-600x600.jpg 600w\" sizes=\"(max-width: 800px) 100vw, 800px\" \/><\/figure><\/li><li class=\"blocks-gallery-item\"><figure><img decoding=\"async\" loading=\"lazy\" width=\"800\" height=\"800\" src=\"https:\/\/b1nariouno.com\/fr\/\/wp-content\/uploads\/2019\/09\/legno-ferro.jpg\" alt=\"\" data-id=\"344\" data-link=\"https:\/\/b1nariouno.com\/fr\/\/servizi\/attachment\/legno-ferro\/\" class=\"wp-image-344\" srcset=\"https:\/\/b1nariouno.com\/fr\/wp-content\/uploads\/2019\/09\/legno-ferro.jpg 800w, https:\/\/b1nariouno.com\/fr\/wp-content\/uploads\/2019\/09\/legno-ferro-150x150.jpg 150w, https:\/\/b1nariouno.com\/fr\/wp-content\/uploads\/2019\/09\/legno-ferro-300x300.jpg 300w, https:\/\/b1nariouno.com\/fr\/wp-content\/uploads\/2019\/09\/legno-ferro-768x768.jpg 768w, https:\/\/b1nariouno.com\/fr\/wp-content\/uploads\/2019\/09\/legno-ferro-600x600.jpg 600w\" sizes=\"(max-width: 800px) 100vw, 800px\" \/><\/figure><\/li><li class=\"blocks-gallery-item\"><figure><img decoding=\"async\" loading=\"lazy\" width=\"800\" height=\"800\" src=\"https:\/\/b1nariouno.com\/fr\/\/wp-content\/uploads\/2019\/09\/statua.jpg\" alt=\"\" data-id=\"345\" data-link=\"https:\/\/b1nariouno.com\/fr\/\/servizi\/attachment\/statua\/\" class=\"wp-image-345\" srcset=\"https:\/\/b1nariouno.com\/fr\/wp-content\/uploads\/2019\/09\/statua.jpg 800w, https:\/\/b1nariouno.com\/fr\/wp-content\/uploads\/2019\/09\/statua-150x150.jpg 150w, https:\/\/b1nariouno.com\/fr\/wp-content\/uploads\/2019\/09\/statua-300x300.jpg 300w, https:\/\/b1nariouno.com\/fr\/wp-content\/uploads\/2019\/09\/statua-768x768.jpg 768w, https:\/\/b1nariouno.com\/fr\/wp-content\/uploads\/2019\/09\/statua-600x600.jpg 600w\" sizes=\"(max-width: 800px) 100vw, 800px\" \/><\/figure><\/li><li class=\"blocks-gallery-item\"><figure><img decoding=\"async\" loading=\"lazy\" width=\"800\" height=\"800\" src=\"https:\/\/b1nariouno.com\/fr\/\/wp-content\/uploads\/2019\/09\/colazione-square.jpg\" alt=\"\" data-id=\"346\" data-link=\"https:\/\/b1nariouno.com\/fr\/\/servizi\/attachment\/colazione-square\/\" class=\"wp-image-346\" srcset=\"https:\/\/b1nariouno.com\/fr\/wp-content\/uploads\/2019\/09\/colazione-square.jpg 800w, https:\/\/b1nariouno.com\/fr\/wp-content\/uploads\/2019\/09\/colazione-square-150x150.jpg 150w, https:\/\/b1nariouno.com\/fr\/wp-content\/uploads\/2019\/09\/colazione-square-300x300.jpg 300w, https:\/\/b1nariouno.com\/fr\/wp-content\/uploads\/2019\/09\/colazione-square-768x768.jpg 768w, https:\/\/b1nariouno.com\/fr\/wp-content\/uploads\/2019\/09\/colazione-square-600x600.jpg 600w\" sizes=\"(max-width: 800px) 100vw, 800px\" \/><\/figure><\/li><\/ul>\n","protected":false},"excerpt":{"rendered":"<p>\u00c0 l\u2019acceuil on vous donnera tous informations sur Bologne ainsi que les clefs pour acc\u00e9der librement \u00e0 l\u2019h\u00f4tel. Notre personnel est souvent pr\u00e9sent sur place, mais peut cependant \u00eatre contact\u00e9 au portable 24\/7. Dans votre chambre vous trouverez: minibar, safe, machine \u00e0 espresso, bouilloire avec<\/p>\n","protected":false},"author":1,"featured_media":0,"parent":0,"menu_order":0,"comment_status":"closed","ping_status":"closed","template":"page-templates\/template-page-full.php","meta":[],"_links":{"self":[{"href":"https:\/\/b1nariouno.com\/fr\/wp-json\/wp\/v2\/pages\/40"}],"collection":[{"href":"https:\/\/b1nariouno.com\/fr\/wp-json\/wp\/v2\/pages"}],"about":[{"href":"https:\/\/b1nariouno.com\/fr\/wp-json\/wp\/v2\/types\/page"}],"author":[{"embeddable":true,"href":"https:\/\/b1nariouno.com\/fr\/wp-json\/wp\/v2\/users\/1"}],"replies":[{"embeddable":true,"href":"https:\/\/b1nariouno.com\/fr\/wp-json\/wp\/v2\/comments?post=40"}],"version-history":[{"count":31,"href":"https:\/\/b1nariouno.com\/fr\/wp-json\/wp\/v2\/pages\/40\/revisions"}],"predecessor-version":[{"id":494,"href":"https:\/\/b1nariouno.com\/fr\/wp-json\/wp\/v2\/pages\/40\/revisions\/494"}],"wp:attachment":[{"href":"https:\/\/b1nariouno.com\/fr\/wp-json\/wp\/v2\/media?parent=40"}],"curies":[{"name":"wp","href":"https:\/\/api.w.org\/{rel}","templated":true}]}}