{"id":37,"date":"2019-08-28T03:40:47","date_gmt":"2019-08-28T01:40:47","guid":{"rendered":"https:\/\/b1nariouno.com\/fr\/\/?page_id=37"},"modified":"2019-09-08T05:59:15","modified_gmt":"2019-09-08T03:59:15","slug":"chambres","status":"publish","type":"page","link":"https:\/\/b1nariouno.com\/fr\/chambres\/","title":{"rendered":"Chambres"},"content":{"rendered":"\n<div class=\"wp-block-columns has-3-columns is-layout-flex wp-container-4\">\n<div class=\"wp-block-column is-layout-flow\">\n<figure class=\"wp-block-image\"><a href=\"https:\/\/b1nariouno.com\/fr\/chambres\/fer\/\"><img decoding=\"async\" loading=\"lazy\" width=\"800\" height=\"800\" src=\"https:\/\/b1nariouno.com\/fr\/\/wp-content\/uploads\/2019\/08\/room-black-iron.jpg\" alt=\"\" class=\"wp-image-82\" srcset=\"https:\/\/b1nariouno.com\/fr\/wp-content\/uploads\/2019\/08\/room-black-iron.jpg 800w, https:\/\/b1nariouno.com\/fr\/wp-content\/uploads\/2019\/08\/room-black-iron-150x150.jpg 150w, https:\/\/b1nariouno.com\/fr\/wp-content\/uploads\/2019\/08\/room-black-iron-300x300.jpg 300w, https:\/\/b1nariouno.com\/fr\/wp-content\/uploads\/2019\/08\/room-black-iron-768x768.jpg 768w, https:\/\/b1nariouno.com\/fr\/wp-content\/uploads\/2019\/08\/room-black-iron-600x600.jpg 600w\" sizes=\"(max-width: 800px) 100vw, 800px\" \/><\/a><figcaption> <strong><a href=\"https:\/\/b1nariouno.com\/fr\/chambres\/fer\/\">Fer<\/a><\/strong><\/figcaption><\/figure>\n<\/div>\n\n\n\n<div class=\"wp-block-column is-layout-flow\">\n<figure class=\"wp-block-image\"><a href=\"https:\/\/b1nariouno.com\/fr\/chambres\/charbon\/\"><img decoding=\"async\" loading=\"lazy\" width=\"800\" height=\"800\" src=\"https:\/\/b1nariouno.com\/fr\/\/wp-content\/uploads\/2019\/08\/room-carbonized-wood.jpg\" alt=\"\" class=\"wp-image-81\" srcset=\"https:\/\/b1nariouno.com\/fr\/wp-content\/uploads\/2019\/08\/room-carbonized-wood.jpg 800w, https:\/\/b1nariouno.com\/fr\/wp-content\/uploads\/2019\/08\/room-carbonized-wood-150x150.jpg 150w, https:\/\/b1nariouno.com\/fr\/wp-content\/uploads\/2019\/08\/room-carbonized-wood-300x300.jpg 300w, https:\/\/b1nariouno.com\/fr\/wp-content\/uploads\/2019\/08\/room-carbonized-wood-768x768.jpg 768w, https:\/\/b1nariouno.com\/fr\/wp-content\/uploads\/2019\/08\/room-carbonized-wood-600x600.jpg 600w\" sizes=\"(max-width: 800px) 100vw, 800px\" \/><\/a><figcaption> <strong><a href=\"https:\/\/b1nariouno.com\/fr\/chambres\/charbon\/\">Charbon<\/a><\/strong><\/figcaption><\/figure>\n<\/div>\n\n\n\n<div class=\"wp-block-column is-layout-flow\">\n<figure class=\"wp-block-image\"><a href=\"https:\/\/b1nariouno.com\/fr\/chambres\/ciment\/\"><img decoding=\"async\" loading=\"lazy\" width=\"800\" height=\"800\" src=\"https:\/\/b1nariouno.com\/fr\/\/wp-content\/uploads\/2019\/08\/room-concrete.jpg\" alt=\"\" class=\"wp-image-83\" srcset=\"https:\/\/b1nariouno.com\/fr\/wp-content\/uploads\/2019\/08\/room-concrete.jpg 800w, https:\/\/b1nariouno.com\/fr\/wp-content\/uploads\/2019\/08\/room-concrete-150x150.jpg 150w, https:\/\/b1nariouno.com\/fr\/wp-content\/uploads\/2019\/08\/room-concrete-300x300.jpg 300w, https:\/\/b1nariouno.com\/fr\/wp-content\/uploads\/2019\/08\/room-concrete-768x768.jpg 768w, https:\/\/b1nariouno.com\/fr\/wp-content\/uploads\/2019\/08\/room-concrete-600x600.jpg 600w\" sizes=\"(max-width: 800px) 100vw, 800px\" \/><\/a><figcaption><strong><a href=\"https:\/\/b1nariouno.com\/fr\/chambres\/ciment\/\">Ciment<\/a><\/strong><\/figcaption><\/figure>\n<\/div>\n<\/div>\n\n\n\n<p> Les chambres, toutes dot\u00e9es avec spacieuses salles de bain, sont \u00e9t\u00e9es r\u00e9alis\u00e9es en pensant \u00e0 votre confort, decor\u00e9es avec meubles sur mesure et equipp\u00e9es avec technologies modernes integr\u00e9es au milieu d\u2019antan.  <\/p>\n\n\n\n<p> Pour chaque chambre a \u00e9t\u00e9 utilis\u00e9 un mat\u00e9riau qui la caract\u00e9rise et qui en souligne le style. On a associ\u00e9 \u00e0 chaque mat\u00e9riau un parfum d\u2019int\u00e9rieur pour cr\u00e9er un parcours \u00e9motionnel multisensoriel unique. Toutes les chambres sont non fumeur et deux (Cemento\/Ciment&nbsp; e  Carbone\/Charbon) ont acc\u00e9s au balcon priv\u00e9. <\/p>\n","protected":false},"excerpt":{"rendered":"<p>Les chambres, toutes dot\u00e9es avec spacieuses salles de bain, sont \u00e9t\u00e9es r\u00e9alis\u00e9es en pensant \u00e0 votre confort, decor\u00e9es avec meubles sur mesure et equipp\u00e9es avec technologies modernes integr\u00e9es au milieu d\u2019antan. Pour chaque chambre a \u00e9t\u00e9 utilis\u00e9 un mat\u00e9riau qui la caract\u00e9rise et qui en<\/p>\n","protected":false},"author":1,"featured_media":0,"parent":0,"menu_order":0,"comment_status":"closed","ping_status":"closed","template":"page-templates\/template-page-full.php","meta":[],"_links":{"self":[{"href":"https:\/\/b1nariouno.com\/fr\/wp-json\/wp\/v2\/pages\/37"}],"collection":[{"href":"https:\/\/b1nariouno.com\/fr\/wp-json\/wp\/v2\/pages"}],"about":[{"href":"https:\/\/b1nariouno.com\/fr\/wp-json\/wp\/v2\/types\/page"}],"author":[{"embeddable":true,"href":"https:\/\/b1nariouno.com\/fr\/wp-json\/wp\/v2\/users\/1"}],"replies":[{"embeddable":true,"href":"https:\/\/b1nariouno.com\/fr\/wp-json\/wp\/v2\/comments?post=37"}],"version-history":[{"count":13,"href":"https:\/\/b1nariouno.com\/fr\/wp-json\/wp\/v2\/pages\/37\/revisions"}],"predecessor-version":[{"id":492,"href":"https:\/\/b1nariouno.com\/fr\/wp-json\/wp\/v2\/pages\/37\/revisions\/492"}],"wp:attachment":[{"href":"https:\/\/b1nariouno.com\/fr\/wp-json\/wp\/v2\/media?parent=37"}],"curies":[{"name":"wp","href":"https:\/\/api.w.org\/{rel}","templated":true}]}}