{"id":3,"date":"2019-08-28T02:05:53","date_gmt":"2019-08-28T00:05:53","guid":{"rendered":"https:\/\/b1nariouno.com\/fr\/\/?page_id=3"},"modified":"2019-09-01T20:32:16","modified_gmt":"2019-09-01T18:32:16","slug":"privacy-policy","status":"publish","type":"page","link":"https:\/\/b1nariouno.com\/fr\/privacy-policy\/","title":{"rendered":"Privacy Policy"},"content":{"rendered":"\n<h3 class=\"wp-block-heading\"><strong>PRIVACY POLICY<\/strong><\/h3>\n\n\n\n<p>Informativa sul trattamento dei dati personali ai sensi dell\u2019art. 13 del regolamento (UE) 2016\/679 del Parlamento Europeo e del Consiglio del 27 aprile 2016 (\u201cRegolamento Generale sulla Protezione dei Dati\u201d)<\/p>\n\n\n\n<h3 class=\"wp-block-heading\"><strong>1. Introduzione<\/strong><\/h3>\n\n\n\n<p>Questa sezione descrive le modalit\u00e0 di gestione dei dati personali raccolti e trattati da <a href=\"https:\/\/b1nariouno.com\/fr\"><strong>B1 BINARIOUNO room &amp; breakfast<\/strong><\/a>. Tali dati possono appartenere agli utenti che visitano il sito web \u2018<a href=\"https:\/\/b1nariouno.com\/fr\">b1nariouno.com<\/a>\u2019 \u2019 e che compilano moduli di registrazione o inviano richieste tramite e-mail. B1 BINARIOUNO room &amp; breakfast \u00e8 impegnato a promuovere il rispetto dei diritti e della libert\u00e0 dei cittadini in materia di protezione dei dati personali, e a rispettare le normative nazionali ed europee che ne disciplinano l\u2019utilizzo, con particolare riferimento al Regolamento UE-2016\/679 (GDPR).<\/p>\n\n\n\n<h3 class=\"wp-block-heading\"><strong>2. Titolare del trattamento<\/strong><\/h3>\n\n\n\n<p>Il titolare del trattamento \u00e8 <strong>B1 BINARIOUNO room &amp; breakfast<\/strong> con sede in\u00a0Via Matteotti 36 40129 &#8211; Bologna (BO) &#8211; Italia. Per qualunque chiarimento, domanda o esigenza legata alla privacy e al trattamento dei dati personali \u00e8 possibile contattarci in qualunque momento inviando una richiesta via e-mail all\u2019indirizzo <a href=\"mailto:info@b1nariouno.com\">info@b1nariouno.com<\/a>, telefonando al <a href=\"tel:+39 3396627376\">+39 <\/a><a href=\"tel:+393396627376\">+39 339 662 73 76<\/a> o scrivendo all\u2019indirizzo della sede.<\/p>\n\n\n\n<h3 class=\"wp-block-heading\"><strong>3. Dati personali acquisiti e finalit\u00e0 dell\u2019acquisizione<\/strong><\/h3>\n\n\n\n<h3 class=\"wp-block-heading\">3.1 Dati forniti dall\u2019utente<\/h3>\n\n\n\n<p>La compilazione e invio di moduli (web form) sul sito <strong>B1 BINARIOUNO room &amp; breakfast<\/strong> comporta la raccolta dei dati inseriti dall\u2019utente (nome, cognome, email, telefono, richiesta di informazioni), finalizzata a fornire le informazioni richieste dall\u2019utente, tramite email o contatto telefonico.<br>L\u2019invio di messaggi di posta elettronica agli indirizzi indicati sul nostro sito comporta la successiva acquisizione dell\u2019indirizzo del mittente, necessario per rispondere alle richieste e degli eventuali altri dati personali inseriti nel messaggio o ivi allegati (nome, cognome, azienda e ruolo, curriculum vitae allegato a proposte di collaborazione).<br>I dati personali sopra indicati vengono trattati esclusivamente allo scopo di rispondere a richieste di informazioni, acquisire contatti con potenziali clienti, inviare newsletter informative. Nessun dato personale acquisito nelle modalit\u00e0 sopra indicate viene comunicato o diffuso a terzi.<\/p>\n\n\n\n<h3 class=\"wp-block-heading\">3.2 Dati di navigazione<\/h3>\n\n\n\n<p>I sistemi informatici sottostanti al funzionamento del sito web acquisiscono, nel corso del loro normale esercizio, alcuni dati personali la cui trasmissione \u00e8 implicita nell\u2019uso dei protocolli di comunicazione di Internet. Si tratta di informazioni che non vengono raccolte allo scopo di essere associate a soggetti identificati, ma che per loro stessa natura potrebbero, attraverso elaborazioni ed abbinamenti con informazioni detenute da terze parti, consentire l\u2019identificazione degli utenti.<br>In questa categoria di dati rientrano gli indirizzi IP o i nomi a dominio dei computer utilizzati dagli utenti che si connettono al sito, gli identificativi (URI) delle risorse richieste, l\u2019orario della richiesta, il metodo utilizzato nel sottoporre la richiesta al server, la dimensione del file ottenuto in risposta, il codice numerico indicante lo stato della risposta data dal server (buon fine, errore, ecc.) ed altri parametri relativi al sistema operativo e all\u2019ambiente informatico dell\u2019utente.<br>Questi dati vengono utilizzati al solo fine di tenere traccia del traffico sviluppato dal sito, di ricavarne informazioni statistiche anonime sull\u2019uso del sito e per controllarne il corretto funzionamento. Tali dati potrebbero inoltre essere utilizzati, esclusivamente su richiesta da parte di autorit\u00e0 giudiziarie e in conformit\u00e0 alle leggi vigenti, per l\u2019accertamento di reati informatici.<\/p>\n\n\n\n<h3 class=\"wp-block-heading\"><strong>4. Luogo e modalit\u00e0 di trattamento<\/strong><\/h3>\n\n\n\n<p>I dati personali acquisiti mediante il sito in oggetto vengono trattati (archiviati) presso la sede dell\u2019azienda e su server collocati all\u2019interno dell\u2019Unione Europea e in Stati non appartenenti alla UE. Il trasferimento dei dati personali in tali Paesi \u00e8 effettuato nel rispetto delle garanzie previste dalla legge. Il trattamento dei dati personali \u00e8 curato esclusivamente da personale dell\u2019azienda, esplicitamente incaricato delle finalit\u00e0 del trattamento sopra indicate.<\/p>\n\n\n\n<h3 class=\"wp-block-heading\"><strong>5. Periodo di conservazione dei dati personali<\/strong><\/h3>\n\n\n\n<p>I dati personali forniti volontariamente dall\u2019utente, nei casi e con i contenuti dettagliati al par. 3.1, sono conservati, per notifiche di aggiornamento dei servizi ed eventuali comunicazioni marketing, fino a quando l\u2019interessato non ne chieda esplicitamente la cancellazione.<br>I dati relativi ai clienti sono conservati per un periodo massimo di 10 anni a decorrere dalla cessazione dei contratti.<br>I dati di navigazione raccolti automaticamente sono conservati per la durata di sei mesi, e successivamente elaborati, a fini statistici, in modi che non consentono pi\u00f9 identificazione personale. Periodi di conservazione pi\u00f9 lunghi possono per\u00f2 essere imposti dalle leggi vigenti in materia di sicurezza e accertamento dei reati.<\/p>\n\n\n\n<h3 class=\"wp-block-heading\"><strong>6. Minori<\/strong><\/h3>\n\n\n\n<p><strong>B1 BINARIOUNO room &amp; breakfast<\/strong> non fornisce servizi a minori di anni 18, e non conserva dati personali di minori. Qualora riteniate che ci siano stati forniti dati personali da parte di o relativi a minori, potete contattarci ai riferimenti sotto indicati per l\u2019esercizio dei vostri diritti, e provvederemo alla loro cancellazione.<\/p>\n\n\n\n<h3 class=\"wp-block-heading\"><strong>7. Esercizio dei diritti in tema di protezione dei dati personali<\/strong><\/h3>\n\n\n\n<p>I soggetti cui si riferiscono dati personali hanno il diritto di ottenere la conferma dell\u2019esistenza di tali dati presso di noi, di conoscerne il contenuto, l\u2019origine, la finalit\u00e0 e modalit\u00e0 di trattamento, di verificarne l\u2019esattezza e chiederne l\u2019aggiornamento o rettifica. Possono inoltre chiedere che tali dati siano cancellati o che tutti, o particolari trattamenti (ad es. a fini marketing), siano sospesi.<br>Per esercitare tali diritti potete contattare il titolare del trattamento, via posta ordinaria o per e-mail all\u2019indirizzo \u2018<a href=\"mailto:info@b1nariouno.com\">info@b1nariouno.com<\/a>\u2019 dettagliando il contenuto della vostra richiesta, i vostri contatti e-mail e telefonici, e allegando un documento di identit\u00e0. Potete usare gli stessi riferimenti anche per eventuali reclami; Il nostro responsabile per la privacy li esaminer\u00e0 e lavorer\u00e0 con voi per risolvere i problemi segnalati.<\/p>\n","protected":false},"excerpt":{"rendered":"<p>PRIVACY POLICY Informativa sul trattamento dei dati personali ai sensi dell\u2019art. 13 del regolamento (UE) 2016\/679 del Parlamento Europeo e del Consiglio del 27 aprile 2016 (\u201cRegolamento Generale sulla Protezione dei Dati\u201d) 1. Introduzione Questa sezione descrive le modalit\u00e0 di gestione dei dati personali raccolti<\/p>\n","protected":false},"author":1,"featured_media":0,"parent":0,"menu_order":0,"comment_status":"closed","ping_status":"closed","template":"page-templates\/template-page-full.php","meta":[],"_links":{"self":[{"href":"https:\/\/b1nariouno.com\/fr\/wp-json\/wp\/v2\/pages\/3"}],"collection":[{"href":"https:\/\/b1nariouno.com\/fr\/wp-json\/wp\/v2\/pages"}],"about":[{"href":"https:\/\/b1nariouno.com\/fr\/wp-json\/wp\/v2\/types\/page"}],"author":[{"embeddable":true,"href":"https:\/\/b1nariouno.com\/fr\/wp-json\/wp\/v2\/users\/1"}],"replies":[{"embeddable":true,"href":"https:\/\/b1nariouno.com\/fr\/wp-json\/wp\/v2\/comments?post=3"}],"version-history":[{"count":3,"href":"https:\/\/b1nariouno.com\/fr\/wp-json\/wp\/v2\/pages\/3\/revisions"}],"predecessor-version":[{"id":415,"href":"https:\/\/b1nariouno.com\/fr\/wp-json\/wp\/v2\/pages\/3\/revisions\/415"}],"wp:attachment":[{"href":"https:\/\/b1nariouno.com\/fr\/wp-json\/wp\/v2\/media?parent=3"}],"curies":[{"name":"wp","href":"https:\/\/api.w.org\/{rel}","templated":true}]}}