{"id":12,"date":"2019-08-28T02:42:34","date_gmt":"2019-08-28T00:42:34","guid":{"rendered":"https:\/\/b1nariouno.com\/fr\/\/?page_id=12"},"modified":"2023-07-22T06:38:09","modified_gmt":"2023-07-22T04:38:09","slug":"home","status":"publish","type":"page","link":"https:\/\/b1nariouno.com\/fr\/","title":{"rendered":"Home"},"content":{"rendered":"<div class=\"su-image-carousel  su-image-carousel-has-spacing su-image-carousel-has-outline su-image-carousel-adaptive su-image-carousel-slides-style-minimal su-image-carousel-controls-style-dark su-image-carousel-align-none\" style=\"\" data-flickity-options='{\"groupCells\":true,\"cellSelector\":\".su-image-carousel-item\",\"adaptiveHeight\":true,\"cellAlign\":\"left\",\"prevNextButtons\":true,\"pageDots\":true,\"autoPlay\":5000,\"imagesLoaded\":true,\"contain\":false,\"selectedAttraction\":0.15,\"friction\":1}' id=\"su_image_carousel_69d4ffb22c9b5\"><div class=\"su-image-carousel-item\"><div class=\"su-image-carousel-item-content\"><img width=\"1000\" height=\"600\" src=\"https:\/\/b1nariouno.com\/fr\/wp-content\/uploads\/2019\/08\/01.jpg\" class=\"\" alt=\"\" decoding=\"async\" loading=\"lazy\" srcset=\"https:\/\/b1nariouno.com\/fr\/wp-content\/uploads\/2019\/08\/01.jpg 1000w, https:\/\/b1nariouno.com\/fr\/wp-content\/uploads\/2019\/08\/01-300x180.jpg 300w, https:\/\/b1nariouno.com\/fr\/wp-content\/uploads\/2019\/08\/01-768x461.jpg 768w, https:\/\/b1nariouno.com\/fr\/wp-content\/uploads\/2019\/08\/01-600x360.jpg 600w\" sizes=\"(max-width: 1000px) 100vw, 1000px\" \/><\/div><\/div><div class=\"su-image-carousel-item\"><div class=\"su-image-carousel-item-content\"><img width=\"1000\" height=\"600\" src=\"https:\/\/b1nariouno.com\/fr\/wp-content\/uploads\/2019\/09\/newslider04.jpg\" class=\"\" alt=\"\" decoding=\"async\" loading=\"lazy\" srcset=\"https:\/\/b1nariouno.com\/fr\/wp-content\/uploads\/2019\/09\/newslider04.jpg 1000w, https:\/\/b1nariouno.com\/fr\/wp-content\/uploads\/2019\/09\/newslider04-300x180.jpg 300w, https:\/\/b1nariouno.com\/fr\/wp-content\/uploads\/2019\/09\/newslider04-768x461.jpg 768w, https:\/\/b1nariouno.com\/fr\/wp-content\/uploads\/2019\/09\/newslider04-600x360.jpg 600w\" sizes=\"(max-width: 1000px) 100vw, 1000px\" \/><\/div><\/div><div class=\"su-image-carousel-item\"><div class=\"su-image-carousel-item-content\"><img width=\"1000\" height=\"600\" src=\"https:\/\/b1nariouno.com\/fr\/wp-content\/uploads\/2019\/09\/newslider05.jpg\" class=\"\" alt=\"\" decoding=\"async\" loading=\"lazy\" srcset=\"https:\/\/b1nariouno.com\/fr\/wp-content\/uploads\/2019\/09\/newslider05.jpg 1000w, https:\/\/b1nariouno.com\/fr\/wp-content\/uploads\/2019\/09\/newslider05-300x180.jpg 300w, https:\/\/b1nariouno.com\/fr\/wp-content\/uploads\/2019\/09\/newslider05-768x461.jpg 768w, https:\/\/b1nariouno.com\/fr\/wp-content\/uploads\/2019\/09\/newslider05-600x360.jpg 600w\" sizes=\"(max-width: 1000px) 100vw, 1000px\" \/><\/div><\/div><div class=\"su-image-carousel-item\"><div class=\"su-image-carousel-item-content\"><img width=\"1000\" height=\"600\" src=\"https:\/\/b1nariouno.com\/fr\/wp-content\/uploads\/2019\/09\/newslider03.jpg\" class=\"\" alt=\"\" decoding=\"async\" loading=\"lazy\" srcset=\"https:\/\/b1nariouno.com\/fr\/wp-content\/uploads\/2019\/09\/newslider03.jpg 1000w, https:\/\/b1nariouno.com\/fr\/wp-content\/uploads\/2019\/09\/newslider03-300x180.jpg 300w, https:\/\/b1nariouno.com\/fr\/wp-content\/uploads\/2019\/09\/newslider03-768x461.jpg 768w, https:\/\/b1nariouno.com\/fr\/wp-content\/uploads\/2019\/09\/newslider03-600x360.jpg 600w\" sizes=\"(max-width: 1000px) 100vw, 1000px\" \/><\/div><\/div><div class=\"su-image-carousel-item\"><div class=\"su-image-carousel-item-content\"><img width=\"1000\" height=\"600\" src=\"https:\/\/b1nariouno.com\/fr\/wp-content\/uploads\/2019\/09\/colazione-1.jpg\" class=\"\" alt=\"\" decoding=\"async\" loading=\"lazy\" srcset=\"https:\/\/b1nariouno.com\/fr\/wp-content\/uploads\/2019\/09\/colazione-1.jpg 1000w, https:\/\/b1nariouno.com\/fr\/wp-content\/uploads\/2019\/09\/colazione-1-300x180.jpg 300w, https:\/\/b1nariouno.com\/fr\/wp-content\/uploads\/2019\/09\/colazione-1-768x461.jpg 768w, https:\/\/b1nariouno.com\/fr\/wp-content\/uploads\/2019\/09\/colazione-1-600x360.jpg 600w\" sizes=\"(max-width: 1000px) 100vw, 1000px\" \/><\/div><\/div><div class=\"su-image-carousel-item\"><div class=\"su-image-carousel-item-content\"><img width=\"1000\" height=\"600\" src=\"https:\/\/b1nariouno.com\/fr\/wp-content\/uploads\/2019\/09\/newslider02.jpg\" class=\"\" alt=\"\" decoding=\"async\" loading=\"lazy\" srcset=\"https:\/\/b1nariouno.com\/fr\/wp-content\/uploads\/2019\/09\/newslider02.jpg 1000w, https:\/\/b1nariouno.com\/fr\/wp-content\/uploads\/2019\/09\/newslider02-300x180.jpg 300w, https:\/\/b1nariouno.com\/fr\/wp-content\/uploads\/2019\/09\/newslider02-768x461.jpg 768w, https:\/\/b1nariouno.com\/fr\/wp-content\/uploads\/2019\/09\/newslider02-600x360.jpg 600w\" sizes=\"(max-width: 1000px) 100vw, 1000px\" \/><\/div><\/div><div class=\"su-image-carousel-item\"><div class=\"su-image-carousel-item-content\"><img width=\"1000\" height=\"600\" src=\"https:\/\/b1nariouno.com\/fr\/wp-content\/uploads\/2019\/09\/newslider01.jpg\" class=\"\" alt=\"\" decoding=\"async\" loading=\"lazy\" srcset=\"https:\/\/b1nariouno.com\/fr\/wp-content\/uploads\/2019\/09\/newslider01.jpg 1000w, https:\/\/b1nariouno.com\/fr\/wp-content\/uploads\/2019\/09\/newslider01-300x180.jpg 300w, https:\/\/b1nariouno.com\/fr\/wp-content\/uploads\/2019\/09\/newslider01-768x461.jpg 768w, https:\/\/b1nariouno.com\/fr\/wp-content\/uploads\/2019\/09\/newslider01-600x360.jpg 600w\" sizes=\"(max-width: 1000px) 100vw, 1000px\" \/><\/div><\/div><div class=\"su-image-carousel-item\"><div class=\"su-image-carousel-item-content\"><img width=\"1000\" height=\"600\" src=\"https:\/\/b1nariouno.com\/fr\/wp-content\/uploads\/2019\/09\/colazione-3.jpg\" class=\"\" alt=\"\" decoding=\"async\" loading=\"lazy\" srcset=\"https:\/\/b1nariouno.com\/fr\/wp-content\/uploads\/2019\/09\/colazione-3.jpg 1000w, https:\/\/b1nariouno.com\/fr\/wp-content\/uploads\/2019\/09\/colazione-3-300x180.jpg 300w, https:\/\/b1nariouno.com\/fr\/wp-content\/uploads\/2019\/09\/colazione-3-768x461.jpg 768w, https:\/\/b1nariouno.com\/fr\/wp-content\/uploads\/2019\/09\/colazione-3-600x360.jpg 600w\" sizes=\"(max-width: 1000px) 100vw, 1000px\" \/><\/div><\/div><div class=\"su-image-carousel-item\"><div class=\"su-image-carousel-item-content\"><img width=\"1000\" height=\"600\" src=\"https:\/\/b1nariouno.com\/fr\/wp-content\/uploads\/2019\/09\/06.jpg\" class=\"\" alt=\"\" decoding=\"async\" loading=\"lazy\" srcset=\"https:\/\/b1nariouno.com\/fr\/wp-content\/uploads\/2019\/09\/06.jpg 1000w, https:\/\/b1nariouno.com\/fr\/wp-content\/uploads\/2019\/09\/06-300x180.jpg 300w, https:\/\/b1nariouno.com\/fr\/wp-content\/uploads\/2019\/09\/06-768x461.jpg 768w, https:\/\/b1nariouno.com\/fr\/wp-content\/uploads\/2019\/09\/06-600x360.jpg 600w\" sizes=\"(max-width: 1000px) 100vw, 1000px\" \/><\/div><\/div><div class=\"su-image-carousel-item\"><div class=\"su-image-carousel-item-content\"><img width=\"1000\" height=\"600\" src=\"https:\/\/b1nariouno.com\/fr\/wp-content\/uploads\/2019\/09\/newslider06.jpg\" class=\"\" alt=\"\" decoding=\"async\" loading=\"lazy\" srcset=\"https:\/\/b1nariouno.com\/fr\/wp-content\/uploads\/2019\/09\/newslider06.jpg 1000w, https:\/\/b1nariouno.com\/fr\/wp-content\/uploads\/2019\/09\/newslider06-300x180.jpg 300w, https:\/\/b1nariouno.com\/fr\/wp-content\/uploads\/2019\/09\/newslider06-768x461.jpg 768w, https:\/\/b1nariouno.com\/fr\/wp-content\/uploads\/2019\/09\/newslider06-600x360.jpg 600w\" sizes=\"(max-width: 1000px) 100vw, 1000px\" \/><\/div><\/div><div class=\"su-image-carousel-item\"><div class=\"su-image-carousel-item-content\"><img width=\"1000\" height=\"600\" src=\"https:\/\/b1nariouno.com\/fr\/wp-content\/uploads\/2019\/08\/04.jpg\" class=\"\" alt=\"\" decoding=\"async\" loading=\"lazy\" srcset=\"https:\/\/b1nariouno.com\/fr\/wp-content\/uploads\/2019\/08\/04.jpg 1000w, https:\/\/b1nariouno.com\/fr\/wp-content\/uploads\/2019\/08\/04-300x180.jpg 300w, https:\/\/b1nariouno.com\/fr\/wp-content\/uploads\/2019\/08\/04-768x461.jpg 768w, https:\/\/b1nariouno.com\/fr\/wp-content\/uploads\/2019\/08\/04-600x360.jpg 600w\" sizes=\"(max-width: 1000px) 100vw, 1000px\" \/><\/div><\/div><div class=\"su-image-carousel-item\"><div class=\"su-image-carousel-item-content\"><img width=\"1000\" height=\"600\" src=\"https:\/\/b1nariouno.com\/fr\/wp-content\/uploads\/2019\/09\/colazione-2.jpg\" class=\"\" alt=\"\" decoding=\"async\" loading=\"lazy\" srcset=\"https:\/\/b1nariouno.com\/fr\/wp-content\/uploads\/2019\/09\/colazione-2.jpg 1000w, https:\/\/b1nariouno.com\/fr\/wp-content\/uploads\/2019\/09\/colazione-2-300x180.jpg 300w, https:\/\/b1nariouno.com\/fr\/wp-content\/uploads\/2019\/09\/colazione-2-768x461.jpg 768w, https:\/\/b1nariouno.com\/fr\/wp-content\/uploads\/2019\/09\/colazione-2-600x360.jpg 600w\" sizes=\"(max-width: 1000px) 100vw, 1000px\" \/><\/div><\/div><div class=\"su-image-carousel-item\"><div class=\"su-image-carousel-item-content\"><img width=\"1000\" height=\"600\" src=\"https:\/\/b1nariouno.com\/fr\/wp-content\/uploads\/2019\/08\/02.jpg\" class=\"\" alt=\"\" decoding=\"async\" loading=\"lazy\" srcset=\"https:\/\/b1nariouno.com\/fr\/wp-content\/uploads\/2019\/08\/02.jpg 1000w, https:\/\/b1nariouno.com\/fr\/wp-content\/uploads\/2019\/08\/02-300x180.jpg 300w, https:\/\/b1nariouno.com\/fr\/wp-content\/uploads\/2019\/08\/02-768x461.jpg 768w, https:\/\/b1nariouno.com\/fr\/wp-content\/uploads\/2019\/08\/02-600x360.jpg 600w\" sizes=\"(max-width: 1000px) 100vw, 1000px\" \/><\/div><\/div><div class=\"su-image-carousel-item\"><div class=\"su-image-carousel-item-content\"><img width=\"1000\" height=\"600\" src=\"https:\/\/b1nariouno.com\/fr\/wp-content\/uploads\/2019\/08\/03.jpg\" class=\"\" alt=\"\" decoding=\"async\" loading=\"lazy\" srcset=\"https:\/\/b1nariouno.com\/fr\/wp-content\/uploads\/2019\/08\/03.jpg 1000w, https:\/\/b1nariouno.com\/fr\/wp-content\/uploads\/2019\/08\/03-300x180.jpg 300w, https:\/\/b1nariouno.com\/fr\/wp-content\/uploads\/2019\/08\/03-768x461.jpg 768w, https:\/\/b1nariouno.com\/fr\/wp-content\/uploads\/2019\/08\/03-600x360.jpg 600w\" sizes=\"(max-width: 1000px) 100vw, 1000px\" \/><\/div><\/div><\/div><script id=\"su_image_carousel_69d4ffb22c9b5_script\">if(window.SUImageCarousel){setTimeout(function() {window.SUImageCarousel.initGallery(document.getElementById(\"su_image_carousel_69d4ffb22c9b5\"))}, 0);}var su_image_carousel_69d4ffb22c9b5_script=document.getElementById(\"su_image_carousel_69d4ffb22c9b5_script\");if(su_image_carousel_69d4ffb22c9b5_script){su_image_carousel_69d4ffb22c9b5_script.parentNode.removeChild(su_image_carousel_69d4ffb22c9b5_script);}<\/script>\n\n\n\n<div class=\"wp-block-columns has-2-columns is-layout-flex wp-container-3\">\n<div class=\"wp-block-column is-layout-flow\">\n<div style=\"height:20px\" aria-hidden=\"true\" class=\"wp-block-spacer\"><\/div>\n\n\n\n<p> Binariouno est un lieu d\u2019h\u00e9bergement moderne et recherch\u00e9 qui offre un service de <em>room &amp; breakfast<\/em> (chambres avec petit d\u00e9jeuner) juste \u00e0 c\u00f4t\u00e8 de la gare centrale de Bologne. <\/p>\n\n\n\n<p><strong>Binariouno est un \u00e9l\u00e9gant&nbsp; R&amp;B alternative aux plus conventionnels h\u00f4tels de Bologne. <\/strong><\/p>\n\n\n\n<p> \u00c0 quelques pas de la gare centrale de Bologne, dans la place <em>XX settembre<\/em>, au &nbsp; d\u00e9but de la <em>via Indipendenza<\/em>, dans une zone tr\u00e8s bien desservie par les transports publiques et o\u00f9 on trouve magasins pour toutes exigences. <br>Entour\u00e9 par restaurants, bistr\u00f4ts, bars le R&amp;B se trouve au deuxi\u00e8me \u00e9tage (avec ascenseur)&nbsp; d\u2019un palais d\u2019int\u00e9r\u00eat historique r\u00e9alis\u00e9 au d\u00e9but du si\u00e8cle pass\u00e9 et restaur\u00e9 m\u00e9ticuleusement pour cr\u00e9er le maximum de confort dans un ambiance de style. <\/p>\n\n\n\n<p> BINARIOUNO est un moderne et confortable r&amp;b qui m\u00e9lange une esth\u00e9tique recherch\u00e9e, \u00e9l\u00e9ments vintage et pi\u00e9ces d\u2019art contemporain par artistes \u00e9mergents. Il se trouve dans un emplacement id\u00e9al \u00e0 c\u00f4t\u00e9 de la gare centrale de Bologne et de la gare routi\u00e8re, \u00e0 quelques minutes de marche du centre historique et parfaitement desservi par tous moyens de transport. Facilement joignable de l\u2019a\u00e9roport&nbsp; et \u00e0 br\u00e8ve distance du quartier de la foire. Il a trois chambres doubles (non fumeurs) climatis\u00e9es, toutes dot\u00e9es d\u2019une \u00e9l\u00e9gante salle de bain priv\u00e9e,  et equipp\u00e9es avec TV,  connexion internet WiFi gratuite,  bouilloire, minibar et machine \u00e0 espresso. <\/p>\n<\/div>\n\n\n\n<div class=\"wp-block-column is-layout-flow\">\n<figure class=\"wp-block-image\"><img decoding=\"async\" loading=\"lazy\" width=\"472\" height=\"472\" src=\"https:\/\/b1nariouno.com\/fr\/\/wp-content\/uploads\/2019\/08\/logo-tempB1.jpg\" alt=\"\" class=\"wp-image-5\" srcset=\"https:\/\/b1nariouno.com\/fr\/wp-content\/uploads\/2019\/08\/logo-tempB1.jpg 472w, https:\/\/b1nariouno.com\/fr\/wp-content\/uploads\/2019\/08\/logo-tempB1-150x150.jpg 150w, https:\/\/b1nariouno.com\/fr\/wp-content\/uploads\/2019\/08\/logo-tempB1-300x300.jpg 300w\" sizes=\"(max-width: 472px) 100vw, 472px\" \/><\/figure>\n<\/div>\n<\/div>\n","protected":false},"excerpt":{"rendered":"<p>Binariouno est un lieu d\u2019h\u00e9bergement moderne et recherch\u00e9 qui offre un service de room &amp; breakfast (chambres avec petit d\u00e9jeuner) juste \u00e0 c\u00f4t\u00e8 de la gare centrale de Bologne. Binariouno est un \u00e9l\u00e9gant&nbsp; R&amp;B alternative aux plus conventionnels h\u00f4tels de Bologne. \u00c0 quelques pas de<\/p>\n","protected":false},"author":1,"featured_media":0,"parent":0,"menu_order":0,"comment_status":"closed","ping_status":"closed","template":"page-templates\/template-page-full.php","meta":[],"_links":{"self":[{"href":"https:\/\/b1nariouno.com\/fr\/wp-json\/wp\/v2\/pages\/12"}],"collection":[{"href":"https:\/\/b1nariouno.com\/fr\/wp-json\/wp\/v2\/pages"}],"about":[{"href":"https:\/\/b1nariouno.com\/fr\/wp-json\/wp\/v2\/types\/page"}],"author":[{"embeddable":true,"href":"https:\/\/b1nariouno.com\/fr\/wp-json\/wp\/v2\/users\/1"}],"replies":[{"embeddable":true,"href":"https:\/\/b1nariouno.com\/fr\/wp-json\/wp\/v2\/comments?post=12"}],"version-history":[{"count":36,"href":"https:\/\/b1nariouno.com\/fr\/wp-json\/wp\/v2\/pages\/12\/revisions"}],"predecessor-version":[{"id":501,"href":"https:\/\/b1nariouno.com\/fr\/wp-json\/wp\/v2\/pages\/12\/revisions\/501"}],"wp:attachment":[{"href":"https:\/\/b1nariouno.com\/fr\/wp-json\/wp\/v2\/media?parent=12"}],"curies":[{"name":"wp","href":"https:\/\/api.w.org\/{rel}","templated":true}]}}