{"id":40,"date":"2019-08-28T03:41:31","date_gmt":"2019-08-28T01:41:31","guid":{"rendered":"https:\/\/b1nariouno.com\/es\/\/?page_id=40"},"modified":"2019-09-08T07:18:55","modified_gmt":"2019-09-08T05:18:55","slug":"servicio","status":"publish","type":"page","link":"https:\/\/b1nariouno.com\/es\/servicio\/","title":{"rendered":"Servicio"},"content":{"rendered":"\n<div class=\"wp-block-columns has-2-columns is-layout-flex wp-container-3\">\n<div class=\"wp-block-column is-layout-flow\">\n<p>\nEncontrar\u00e9is un servicio cordial y profesional. Al momento del check in os daremos todas las informaciones sobre la ciudad y os daremos las llaves de acceso a la estructura y a la vuestra zona privada.\n\n<\/p>\n\n\n\n<p> Nuestro personal presente en la estructura a menudo, puede ser contactado por m\u00f3vil 24 horas al dia. <\/p>\n\n\n\n<p>\nAl interior de las vuestras habitaciones os encontrar\u00e9is un minibar, una maquina de caf\u00e9 espresso y un hervitor con un amplia selecion de t\u00e9 y infusiones.<\/p>\n\n\n\n<p>Os encontrar\u00e9is tambien un folleto con consejos sobre los restaurantes, las tabernas, bares etc.<br><br><strong> Check in desde 15 hasta las 19.<\/strong><br><br> Check out entre las 11 de la ma\u00f1ana (es posible dejar las maletas). Para late check out (bajo petiti\u00f3n y seg\u00fan disponibilidad) se cobre un suplemento en temporada.<\/p>\n\n\n\n<p>Para&nbsp; check in (o para recogida de equipaje) fuera de horario establecido, contact\u00e9is nosotros por adelantado , pasadas las&nbsp; 22 hay un suplemento de \u20ac10<\/p>\n<\/div>\n\n\n\n<div class=\"wp-block-column is-layout-flow\">\n<div class=\"wp-block-cover\" style=\"background-image:url(https:\/\/b1nariouno.com\/es\/\/wp-content\/uploads\/2019\/08\/corridoio.jpg);background-position:50% 50%\"><div class=\"wp-block-cover__inner-container\">\n<p style=\"text-align:center\" class=\"has-small-font-size\"><\/p>\n<\/div><\/div>\n\n\n\n<figure class=\"wp-block-image\"><img alt=\"\"\/><\/figure>\n<\/div>\n<\/div>\n\n\n\n<ul class=\"wp-block-gallery columns-3 is-cropped wp-block-gallery-4 is-layout-flex\"><li class=\"blocks-gallery-item\"><figure><img decoding=\"async\" loading=\"lazy\" width=\"800\" height=\"800\" src=\"https:\/\/b1nariouno.com\/es\/\/wp-content\/uploads\/2019\/09\/corridoio-quadri.jpg\" alt=\"\" data-id=\"342\" data-link=\"https:\/\/b1nariouno.com\/es\/\/servizi\/attachment\/corridoio-quadri\/\" class=\"wp-image-342\" srcset=\"https:\/\/b1nariouno.com\/es\/wp-content\/uploads\/2019\/09\/corridoio-quadri.jpg 800w, https:\/\/b1nariouno.com\/es\/wp-content\/uploads\/2019\/09\/corridoio-quadri-150x150.jpg 150w, https:\/\/b1nariouno.com\/es\/wp-content\/uploads\/2019\/09\/corridoio-quadri-300x300.jpg 300w, https:\/\/b1nariouno.com\/es\/wp-content\/uploads\/2019\/09\/corridoio-quadri-768x768.jpg 768w, https:\/\/b1nariouno.com\/es\/wp-content\/uploads\/2019\/09\/corridoio-quadri-600x600.jpg 600w\" sizes=\"(max-width: 800px) 100vw, 800px\" \/><\/figure><\/li><li class=\"blocks-gallery-item\"><figure><img decoding=\"async\" loading=\"lazy\" width=\"800\" height=\"800\" src=\"https:\/\/b1nariouno.com\/es\/\/wp-content\/uploads\/2019\/09\/dettaglio-sedia-vasi.jpg\" alt=\"\" data-id=\"343\" data-link=\"https:\/\/b1nariouno.com\/es\/\/servizi\/attachment\/dettaglio-sedia-vasi\/\" class=\"wp-image-343\" srcset=\"https:\/\/b1nariouno.com\/es\/wp-content\/uploads\/2019\/09\/dettaglio-sedia-vasi.jpg 800w, https:\/\/b1nariouno.com\/es\/wp-content\/uploads\/2019\/09\/dettaglio-sedia-vasi-150x150.jpg 150w, https:\/\/b1nariouno.com\/es\/wp-content\/uploads\/2019\/09\/dettaglio-sedia-vasi-300x300.jpg 300w, https:\/\/b1nariouno.com\/es\/wp-content\/uploads\/2019\/09\/dettaglio-sedia-vasi-768x768.jpg 768w, https:\/\/b1nariouno.com\/es\/wp-content\/uploads\/2019\/09\/dettaglio-sedia-vasi-600x600.jpg 600w\" sizes=\"(max-width: 800px) 100vw, 800px\" \/><\/figure><\/li><li class=\"blocks-gallery-item\"><figure><img decoding=\"async\" loading=\"lazy\" width=\"800\" height=\"800\" src=\"https:\/\/b1nariouno.com\/es\/\/wp-content\/uploads\/2019\/09\/legno-ferro.jpg\" alt=\"\" data-id=\"344\" data-link=\"https:\/\/b1nariouno.com\/es\/\/servizi\/attachment\/legno-ferro\/\" class=\"wp-image-344\" srcset=\"https:\/\/b1nariouno.com\/es\/wp-content\/uploads\/2019\/09\/legno-ferro.jpg 800w, https:\/\/b1nariouno.com\/es\/wp-content\/uploads\/2019\/09\/legno-ferro-150x150.jpg 150w, https:\/\/b1nariouno.com\/es\/wp-content\/uploads\/2019\/09\/legno-ferro-300x300.jpg 300w, https:\/\/b1nariouno.com\/es\/wp-content\/uploads\/2019\/09\/legno-ferro-768x768.jpg 768w, https:\/\/b1nariouno.com\/es\/wp-content\/uploads\/2019\/09\/legno-ferro-600x600.jpg 600w\" sizes=\"(max-width: 800px) 100vw, 800px\" \/><\/figure><\/li><li class=\"blocks-gallery-item\"><figure><img decoding=\"async\" loading=\"lazy\" width=\"800\" height=\"800\" src=\"https:\/\/b1nariouno.com\/es\/\/wp-content\/uploads\/2019\/09\/statua.jpg\" alt=\"\" data-id=\"345\" data-link=\"https:\/\/b1nariouno.com\/es\/\/servizi\/attachment\/statua\/\" class=\"wp-image-345\" srcset=\"https:\/\/b1nariouno.com\/es\/wp-content\/uploads\/2019\/09\/statua.jpg 800w, https:\/\/b1nariouno.com\/es\/wp-content\/uploads\/2019\/09\/statua-150x150.jpg 150w, https:\/\/b1nariouno.com\/es\/wp-content\/uploads\/2019\/09\/statua-300x300.jpg 300w, https:\/\/b1nariouno.com\/es\/wp-content\/uploads\/2019\/09\/statua-768x768.jpg 768w, https:\/\/b1nariouno.com\/es\/wp-content\/uploads\/2019\/09\/statua-600x600.jpg 600w\" sizes=\"(max-width: 800px) 100vw, 800px\" \/><\/figure><\/li><li class=\"blocks-gallery-item\"><figure><img decoding=\"async\" loading=\"lazy\" width=\"800\" height=\"800\" src=\"https:\/\/b1nariouno.com\/es\/\/wp-content\/uploads\/2019\/09\/colazione-square.jpg\" alt=\"\" data-id=\"346\" data-link=\"https:\/\/b1nariouno.com\/es\/\/servizi\/attachment\/colazione-square\/\" class=\"wp-image-346\" srcset=\"https:\/\/b1nariouno.com\/es\/wp-content\/uploads\/2019\/09\/colazione-square.jpg 800w, https:\/\/b1nariouno.com\/es\/wp-content\/uploads\/2019\/09\/colazione-square-150x150.jpg 150w, https:\/\/b1nariouno.com\/es\/wp-content\/uploads\/2019\/09\/colazione-square-300x300.jpg 300w, https:\/\/b1nariouno.com\/es\/wp-content\/uploads\/2019\/09\/colazione-square-768x768.jpg 768w, https:\/\/b1nariouno.com\/es\/wp-content\/uploads\/2019\/09\/colazione-square-600x600.jpg 600w\" sizes=\"(max-width: 800px) 100vw, 800px\" \/><\/figure><\/li><\/ul>\n","protected":false},"excerpt":{"rendered":"<p>Encontrar\u00e9is un servicio cordial y profesional. Al momento del check in os daremos todas las informaciones sobre la ciudad y os daremos las llaves de acceso a la estructura y a la vuestra zona privada. Nuestro personal presente en la estructura a menudo, puede ser<\/p>\n","protected":false},"author":1,"featured_media":0,"parent":0,"menu_order":0,"comment_status":"closed","ping_status":"closed","template":"page-templates\/template-page-full.php","meta":[],"_links":{"self":[{"href":"https:\/\/b1nariouno.com\/es\/wp-json\/wp\/v2\/pages\/40"}],"collection":[{"href":"https:\/\/b1nariouno.com\/es\/wp-json\/wp\/v2\/pages"}],"about":[{"href":"https:\/\/b1nariouno.com\/es\/wp-json\/wp\/v2\/types\/page"}],"author":[{"embeddable":true,"href":"https:\/\/b1nariouno.com\/es\/wp-json\/wp\/v2\/users\/1"}],"replies":[{"embeddable":true,"href":"https:\/\/b1nariouno.com\/es\/wp-json\/wp\/v2\/comments?post=40"}],"version-history":[{"count":30,"href":"https:\/\/b1nariouno.com\/es\/wp-json\/wp\/v2\/pages\/40\/revisions"}],"predecessor-version":[{"id":507,"href":"https:\/\/b1nariouno.com\/es\/wp-json\/wp\/v2\/pages\/40\/revisions\/507"}],"wp:attachment":[{"href":"https:\/\/b1nariouno.com\/es\/wp-json\/wp\/v2\/media?parent=40"}],"curies":[{"name":"wp","href":"https:\/\/api.w.org\/{rel}","templated":true}]}}